{"id":4265,"date":"2012-04-04T13:23:27","date_gmt":"2012-04-04T17:23:27","guid":{"rendered":"http:\/\/childrenofhoarders.com\/wordpress\/?page_id=4265"},"modified":"2012-11-06T05:25:05","modified_gmt":"2012-11-06T10:25:05","slug":"researchresearch-articles-re-coh","status":"publish","type":"page","link":"https:\/\/legacy.childrenofhoarders.com\/?page_id=4265","title":{"rendered":"Research\/Research Articles re: COH"},"content":{"rendered":"<p style=\"text-align: left;\">11\/2012:\u00a0 Thank you to <a href=\"http:\/\/www.hoardersson.com\/2012\/11\/more-coh-oriented-research.html?utm_source=feedburner&amp;utm_medium=email&amp;utm_campaign=Feed%3A+HoardersSon+%28Hoarder%27s+Son%29\">Hoarder&#8217;s Son <\/a>for this information:<\/p>\n<blockquote>\n<p style=\"text-align: left;\"><img loading=\"lazy\" decoding=\"async\" class=\"alignnone\" src=\"http:\/\/2.bp.blogspot.com\/-77oADjniBCs\/UJciWQuEscI\/AAAAAAAAAKE\/jPHvC1_Eneo\/s1600\/200px-University_of_South_Florida_Seal.png\" alt=\"\" width=\"91\" height=\"91\" \/>I recently heard from Jennifer Park, M.A., that she is performing research into the &#8220;Impact of Hoarding on Parent-Adult Child Relationships and Family Functioning&#8221; as part of her doctoral dissertation in <a id=\"yui_3_7_2_30_1352159942164_407\" rel=\"nofollow\" href=\"http:\/\/psychology.usf.edu\/\" target=\"_blank\">Psychology at the University of South Florida<\/a> under the supervision of <a id=\"yui_3_7_2_30_1352159942164_408\" rel=\"nofollow\" href=\"http:\/\/health.usf.edu\/medicine\/psychiatry\/profile.html?person_id=62245\" target=\"_blank\">Professor Eric A. Storch<\/a>.<\/p>\n<p>As I write this post, she is trying to recruit up to five hundred adult children of hoarders to complete a <a id=\"yui_3_7_2_30_1352159942164_409\" rel=\"nofollow\" href=\"http:\/\/bit.ly\/YFAChn\" target=\"_blank\">confidential, anonymous online survey<\/a> focusing on (1) parent\/caretaker\u2019s hoarding behaviors, (2)  relationships within the family and with the hoarding parent\/caretaker,  and (3) impairment associated with the hoarding behaviors.<\/p>\n<p>If you are interested in participating in Ms. Park&#8217;s research, please visit <a id=\"yui_3_7_2_30_1352159942164_410\" rel=\"nofollow\" href=\"http:\/\/bit.ly\/YFAChn\" target=\"_blank\">http:\/\/bit.ly\/YFAChn<\/a> for more information and for access to the online questionnaire. Thanks!<\/p>\n<\/blockquote>\n<p style=\"text-align: center;\">&#8212;&#8212;&#8212;&#8212;&#8212;&#8212;&#8212;&#8212;&#8212;&#8212;&#8212;&#8212;&#8212;&#8212;&#8212;&#8212;&#8212;&#8212;&#8212;&#8212;-<\/p>\n<p style=\"text-align: center;\"><strong>Dr. Suzanne Chabaud Sets the Stage for Children of Hoarders Research<\/strong><\/p>\n<p style=\"text-align: center;\">Nov 16, 2011<br \/>\nby COH-Inc.<\/p>\n<p>From  the time that the ChildrenOfHoarders.com website was launched in 2006,  adult children of hoarders have been sharing experiences and developing  ideas about how growing up in a hoarding environment can affect a child  and how those effects can echo into adulthood. While it has been  gratifying to see increased awareness of hoarding as a serious disorder  over the past few years, many children of hoarders have expressed  frustration that clinical and professional attention has focused almost  exclusively on the hoarders themselves, while inadequate attention has  been given to the serious consequences of hoarding behavior on family  members, particularly children. Further, children of hoarders have  sometimes been portrayed primarily as being obstacles to the successful  treatment of hoarders, rather than as being individuals who may be  victims of long term neglect or abuse, and who may benefit from  specialized support or treatment.<\/p>\n<p>With that in mind, it is with  great excitement that we note what may be the first serious, focused  effort by a clinical researcher to examine the experiences of children  of hoarders and to consider the long-term effects of those experiences.  In an article published in the November 10, 2011 issue of Psychiatric  Times, Dr. Suzanne A. Chabaud, known to many from her appearances on the  \u201cHoarders\u201d television show, has shared her preliminary observations  regarding \u201cThe Hidden Lives of Children of Hoarders.\u201d<\/p>\n<p>Dr. Chabaud  suggests \u201cthat being raised in a hoarded home produces lifelong, deep,  and widespread effects, including losses in every sphere\u2014physical,  emotional, psychological, social, and familial.\u201d She also describes  common feelings of \u201cvulnerability, worthlessness, helplessness,  hopelessness, disgust, embarrassment, and social isolation\u201d among adult  children of hoarders. Despite being in the \u201cpioneer days of finding  solutions for a tenacious disorder that strikes millions of people,\u201d  Chabaud believes that multi-disciplinary efforts can help adult children  of hoarders to \u201caddress the effects of hoarding on their lives.\u201d<\/p>\n<p>Dr.  Chabaud\u2019s observations were collected in her clinical practice and  through an ongoing, online research survey. Further, Chabaud moderated a  \u201cchildren of hoarders summit\u201d in July 2011 at the OCD Institute of  Greater New Orleans, where adult children of hoarders \u201cshared details  about their childhoods and the enduring effects of being raised in a  hoarded home.\u201d Representatives of Children of Hoarders, Inc. attended  the summit and presented Dr. Chabaud with a plaque recognizing her work  and thanking her for \u201chearing our voices.\u201d<\/p>\n<p>Children of Hoarders,  Inc. congratulates Dr. Chabaud on her groundbreaking study, and we are  hopeful that other researchers will join her in improving our  understanding and support for the special needs of children of hoarders.  We encourage all adult children of hoarders to consider completing Dr.  Chabaud\u2019s research survey. More information is available at <a href=\"http:\/\/drchabaud.com\/?spec=research.\">http:\/\/drchabaud.com\/?spec=research<\/a>.<\/p>\n<p>&nbsp;<\/p>\n<p><strong>3\/4\/12<a href=\" http:\/\/www.jewishworldreview.com\/1111\/hoarding.php3\"><br \/>\nIn hoarding, the junk is just a symptom<\/a><\/strong><br \/>\nBy Mary Carole McCauley<br \/>\nScientists search for biological cause, treatment<\/p>\n<p>&nbsp;<\/p>\n<p>1\/2008<strong><a href=\" http:\/\/www.ncbi.nlm.nih.gov\/pmc\/articles\/PMC3018822\/\"><br \/>\nFamily Burden of Compulsive Hoarding: Results of an Internet Survey<\/a><\/strong><br \/>\nDavid F. Tolin Randy O. Frost, Gail Steketee, and Kristin E. Fitch<\/p>\n<p>Abstract<br \/>\nCompulsive hoarding, the acquisition of and failure to discard large numbers of possessions, is associated with substantial health risk, impairment in functioning, and economic burden. Despite clear indications that hoarding has a detrimental effect on people living with or near someone with a hoarding problem, no empirical research has examined these harmful effects. The aim of the present study was to examine the burden of hoarding on family members. Six hundred sixty-five family informants who reported having a family member or friend with hoarding behaviors completed an internet-based survey.<\/p>\n<p>Living with an individual who hoards during childhood was associated with elevated reports of childhood distress and family strain. Family members reported high levels of patient rejection attitudes, suggesting high levels of family frustration and hostility. Rejecting attitudes were associated both with severity of hoarding symptoms and with the individual\u2019s perceived lack of insight into the behavior. These results suggest that compulsive hoarding adversely impacts not only the hoarding individual, but also those living with them.<\/p>\n<p>View accepted manuscript<a href=\" http:\/\/www.ncbi.nlm.nih.gov\/pmc\/articles\/PMC3018822\/\"><br \/>\nhttp:\/\/www.ncbi.nlm.nih.gov\/pmc\/articles\/PMC3018822\/<\/a><\/p>\n<p>&nbsp;<\/p>\n<p>&nbsp;<\/p>\n<p style=\"text-align: center;\"><span style=\"text-decoration: underline;\"><strong>Hoarding seems to run in my family&#8230;will I &#8220;get it?&#8221;<\/strong><\/span><\/p>\n<p>An <a href=\"http:\/\/www.ncbi.nlm.nih.gov\/sites\/entrez?Db=pubmed&amp;Cmd=ShowDetailView&amp;TermToSearch=17329475&amp;ordinalpos=16&amp;itool=EntrezSystem2.PEntrez.Pubmed.Pubmed_ResultsPanel.Pubmed_RVDocSum\" target=\"_blank\">OCD Collaborative Genetics Study<\/a> was done by the Department of Psychiatry and Behavioral Sciences, <strong>Johns Hopkins University School of Medicine in March, 2007.<\/strong> Their findings suggest that a region on chromosome 14 is linked with compulsive hoarding behavior in families with OCD.<\/p>\n<p>Sanjaya Saxena, M.D., Director of the UCSD Obsessive-Compulsive Disorders Program says in a <a href=\"http:\/\/ajp.psychiatryonline.org\/cgi\/content\/full\/164\/9\/1435-a\" target=\"_blank\">letter to the editor<\/a> of the American Journal of Psychiatry;<\/p>\n<blockquote><p>&#8220;The OCD Collaborative Genetics Study is the third study  to find genetic markers specifically associated with compulsive  hoarding, indicating that it is a distinct and heritable phenotype.<strong> Other studies have confirmed that compulsive hoarding is strongly familial and appears to breed true.&#8221;<\/strong><\/p><\/blockquote>\n<p>From the <a href=\"http:\/\/www.ocfoundation.org\/hoarding\/hoarding.aspx?id=686&amp;terms=genetics\" target=\"_blank\">International OCD Foundation Hoarding Website<\/a>:<\/p>\n<blockquote><p>From the earliest studies of hoarding, it has been clear  that hoarding runs in  families. Studies asking about family members  have reported that 50 to 80% of  people who hoard had first-degree  relatives whom they considered \u201cpack rats\u201d or  hoarders. In a more  stringent test of the family connection, the Johns Hopkins  OCD Family  Study diagnosed hoarding in 12% of first-degree relatives of people  who  hoarded. Although lower than the self-reported frequency found in other   studies, it was still significantly greater than that of relatives of  people  with OCD (3%). Other studies have found evidence indicating that  hoarding is  genetically influenced.<\/p><\/blockquote>\n<p>Sanjaya Saxena, M.D., says:<\/p>\n<blockquote><p>Genetic and family studies suggest that compulsive  hoarding has a different pattern of genetic inheritance and comorbidity  (coexisting illnesses) than other OCD symptom factors. T<strong>he  hoarding\/saving symptom factor has a recessive inheritance pattern,  whereas the aggressive\/checking and symmetry\/order symptom factors show a  dominant pattern.<br \/>\n<\/strong><br \/>\nA genomewide scan conducted in sibling pairs with Tourette&#8217;s Syndrome  (in which there is a very high prevalence of OCD symptoms) <strong>found that the hoarding\/saving symptom factor was significantly associated with genetic markers on chromosome 4, 5, and 17.<\/strong> One study found that 16 of 19 OCD patients with prominent compulsive  hoarding (84%) reported a family history of hoarding behaviors. In at  least one a first-degree relative, while only 37% reported a family  history of DSM-IV OCD.<\/p>\n<p>A family study of OCD found that, compared with people with  non-hoarding OCD, compulsive hoarders had a greater prevalence of social  phobia, personality disorders, and pathological grooming disorders,  These were trichotillomania, skin-picking, and nail-biting, and higher  rates of hoarding and tics in first-degree relatives. <strong>These  studies indicate that the compulsive hoarding syndrome may represent a  distinct subgroup or variant of OCD that may be caused by different  genetic and familial factors than non-hoarding OCD<\/strong>.<\/p><\/blockquote>\n<p>Randy Frost,PhD, says in the <a href=\"http:\/\/www.childrenofhoarders.com\/files\/NEHC_Newsletter_April_2007.pdf\" target=\"_blank\">Spring 2007 New England Hoarding Consortium Newsletter<\/a>:<\/p>\n<blockquote><p>In our first studies of hoarding we noticed a trend for  this syndrome to run in families. Since then three genetics studies have  appeared in the research literature, all suggesting that hoarding may  be at least partly heritable. These studies start with select  populations, like Tourette\u2019s patients or OCD patients, and look for  people who hoard.<\/p>\n<p>One of these studies was done by the OCD Collaborative Genetics Study  under the direction of investigators at the Johns Hopkins University  Medical School. They found preliminary evidence that the genetic  contribution to hoarding could be localized to a specific chromosome on  the DNA chain. Something at chromosome 14 <strong>may be <\/strong>associated with hoarding. This could be a dramatic breakthrough in our understanding of hoarding.<\/p>\n<p>However, it is important to note that these studies are all  preliminary with relatively small samples that don\u2019t fully represent the  range of hoarding in the population. <strong>Furthermore, we also don\u2019t  yet understand just what traits might be heritable. Perhaps it is  something that underlies hoarding, like decision-making problems, and  not hoarding itself that is inherited. <\/strong><\/p>\n<p>To more fully determine the heritability of hoarding a much larger  study is needed, one drawn from the entire population of people who  hoard. That is, the sample must represent all people with hoarding  problems and not just those who are already diagnosed with OCD. To that  end, we have joined forces with the Johns Hopkins group to study the  genetics of hoarding. Our first attempt to obtain funds from NIMH for  the project failed, but we will be trying again shortly.<\/p>\n<p>At this point we have no markers for the development of hoarding. We  don\u2019t know who will and who won\u2019t develop hoarding problems. The best  advice we can give is to be open and honest with your children as they  grow up about hoarding tendencies in the family. People who can  recognize and talk about their own hoarding problems are much better  able to control them than people who can\u2019t. -R.Frost<\/p><\/blockquote>\n<p><a href=\"http:\/\/www2.oprah.com\/xm\/pwalsh\/200706\/pwalsh_20070608.jhtml\" target=\"_blank\">Dr. David Tolin<\/a>:<\/p>\n<blockquote><p>While Dr. Tolin says people may be predisposed to  compulsive hoarding, they most likely did not inherit it. &#8220;For a  condition like compulsive hoarding to come about you probably have to  have a person who has a certain set of inherited characteristics,&#8221; he  says. &#8220;[But] then that person then has to in some way learn or pick up  the behavioral pattern.&#8221; People can overcome their predisposed tendency  to be messy or to hoard, Dr. Tolin says.<strong> &#8220;Biology is not destiny. Just because somebody has a genetic  predisposition to develop a certain behavioral condition, that doesn&#8217;t  mean they are doomed,&#8221;<\/strong> he says.<\/p><\/blockquote>\n<blockquote><p>&#8220;Exactly what triggers hoarding compulsions<br \/>\nand desires is still under investigation. Like OCD, it may be related, at least in part, to genetics and upbringing.&#8221;<br \/>\n&#8211;<a href=\"http:\/\/www.mayoclinic.com\/health\/hoarding\/DS00966\/DSECTION=3\" target=\"_blank\">Mayo Clinic<\/a><\/p><\/blockquote>\n<p><strong>Remember COH&#8230;<\/strong><\/p>\n<blockquote><p>&#8220;But biology is not destiny. Just because somebody has a genetic<br \/>\npredisposition to develop a certain behavioral condition, that doesn\u2019t<br \/>\nmean they are doomed.\u201d<\/p>\n<p>-David F. Tolin, Ph.D., founder of the Anxiety Disorders Center at The Institute of Living in Hartford, CT<\/p><\/blockquote>\n<blockquote><p>\u201cHowever,  it is important to note that these studies are all preliminary with   relatively small samples that don\u2019t fully represent the range of  hoarding in the  population. Furthermore, we also don\u2019t yet understand  just what traits might be  heritable. Perhaps it is something that  underlies hoarding, like decision-making  problems, and not hoarding  itself that is inherited.\u201d<\/p>\n<p>-Randy O. Frost, Ph.D. Smith College<\/p><\/blockquote>\n<p><strong>Further Reading:<\/strong><\/p>\n<p><a href=\"http:\/\/psychcentral.com\/lib\/2009\/the-genetics-of-compulsive-hoarding\/\" target=\"_blank\">The Genetics of Compulsive Hoarding <\/a><br \/>\nBy Jane Collingwood<\/p>\n<p>02\/11\/2009 -Stuff.co.nz<a href=\"http:\/\/www.stuff.co.nz\/life-style\/wellbeing\/3022929\/Gene-link-to-compulsive-hoarding\" target=\"_blank\"><br \/>\nGene link to compulsive hoarding<\/a><\/p>\n<blockquote><p>People who have a compulsive urge to collect and clutter  their homes with  junk can partly attribute their problem to genes,  according to a British study.<\/p>\n<p><strong>Researchers from King&#8217;s College London used a twin study to  find that genetic  predisposition explained a large amount of the risk  for compulsive hoarding &#8211;<\/strong> a  mental health problem in which  people have an overwhelming desire to accumulate  items normally  considered useless, like old newspapers or junk mail.<\/p>\n<p>Of the more than 5000 twins in the study, roughly two percent showed  symptoms  of compulsive hoarding and genes appeared to account for half  of the variance in  risk.<\/p>\n<p><strong>Researcher Dr. David Mataix-Cols said it has long been known that compulsive  hoarding tends to run in families.<\/strong><\/p>\n<p>But he told Reuters Health that what has not been clear is whether  that  pattern is due to genes or to something in the home environment,  like parenting  practices.<\/p>\n<p>&#8220;Twin studies allow us to separate these two sources,&#8221; Mataix-Cols said.<\/p>\n<p>The study, published in the American Journal of Psychiatry, included  both  identical and fraternal twins. Identical twins share all of their  DNA while  fraternal twins share roughly half of their genes, making  them no more  genetically similar than non-twin siblings.<\/p>\n<p>If genes are a more important factor than shared environment in a  given  disorder, then identical twins would be more similar in their  risk of the  problem than fraternal twins would be.<\/p>\n<p>Mataix-Cols and his colleagues found that among female identical  twins, when  one twin showed compulsive hoarding symptoms, the other  twin also did 52 percent  of the time. Among fraternal twins, that  figure was 27 percent.<\/p>\n<p>There was no evidence, however, that environmental factors shared by  twins  contributed to compulsive hoarding. Instead, &#8220;non-shared&#8221;  environmental factors  &#8211; those unique to individuals &#8211; seemed to be at  work.<\/p>\n<p>Past research has shown that many people with hoarding problems have a   history of traumatic events, according to Mataix-Cols. In particular,  they have  elevated rates of sexual abuse and &#8220;loss&#8221; &#8211; of a loved one or  a home, for  instance.<\/p>\n<p>&#8220;What the study suggests is that genes are important, but probably  some  environmental stressors are needed to cause or trigger the  hoarding problem,&#8221;  said Mataix-Cols, adding more research is needed  into this topic.<\/p>\n<p>He said the hope was to find better therapies for compulsive hoarding  as  behavioral therapy and antidepressants are now the main forms of  treatment, but  they have met with limited success.<\/p>\n<p><strong>&#8211; Reuters<\/strong><\/p><\/blockquote>\n<p><strong>Is Compulsive Hoarding a Genetically and Neurobiologically Discrete Syndrome?<\/strong><br \/>\nAmerican Journal of Psychiatry<br \/>\nSanjaya Saxena, M.D.<br \/>\n<a rel=\"nofollow\" href=\"http:\/\/ajp.psychiatryonline.org\/cgi\/content\/full\/164\/3\/380\" target=\"_blank\">http:\/\/ajp.psychiatryonline.org\/cgi\/content\/full\/164\/3\/380<\/a><\/p>\n<p>Oprah.com-<br \/>\n<strong>Clutter Genetics<\/strong><br \/>\n<a rel=\"nofollow\" href=\"http:\/\/www2.oprah.com\/xm\/pwalsh\/200706\/pwalsh_20070608.jhtml\" target=\"_blank\">http:\/\/www2.oprah.com\/xm\/pwalsh\/200706\/pwalsh_20070608.jhtml<\/a><\/p>\n<blockquote><p>Genetic and family studies suggest that compulsive hoarding has<br \/>\na different pattern of genetic inheritance and comorbidity than other OCD symptom factors.<\/p>\n<p>The hoarding\/ saving symptom factor shows an autosomal recessive inheritance pattern and has been associated with<br \/>\ngenetic markers on chromosomes 4, 5, and 17 (Zhang et al., 2002).<\/p>\n<p>One study found that 84% of compulsive hoarders reported a<br \/>\nfamily history of hoarding behaviors in at least one first-degree<br \/>\nrelative, but only 37% reported a family history of OCD.<\/p><\/blockquote>\n<p>(Winsberg et al., 1999)<\/p>\n<p><strong>From researchers in Spain:<\/strong><\/p>\n<p>7\/28\/08<br \/>\n<strong>Genetic susceptibility to obsessive-compulsive hoarding:<\/strong> the contribution of neurotrophic tyrosine kinase receptor type 3 gene.<\/p>\n<p>Alonso  P, Gratac\u00f2s M, Mench\u00f3n JM, Segal\u00e0s C, Gonz\u00e1lez JR, Labad J,  Bay\u00e9s M,  Real E, de Cid R, Pertusa A, Escaram\u00eds G, Vallejo J, Estivill  X.<\/p>\n<p>OCD  Clinical and Research Unit, Psychiatry Department, Hospital   Universitari de Bellvitge, Feixa Llarga s\/n, L&#8217;Hospitalet de Llobregat,   Barcelona, Spain.<\/p>\n<p>Recent work suggests that neurotrophic factors  may contribute to the  genetic susceptibility to obsessive-compulsive  disorder (OCD). Among  other clinical dimensions, the presence of  hoarding obsessions and  compulsions has been shown to be correlated with  a number of clinical  and neuroimaging findings, as well as with a  different pattern of  genetic inheritance.<\/p>\n<p>We used a linkage  disequilibrium (LD)-mapping approach to  investigate whether neurotrophic  tyrosine kinase receptor type 3  (NTRK3), the high-affinity receptor of  neurotrophin 3 (NT-3), plays a  role in increasing susceptibility to  hoarding in OCD. We performed an  association study of 52 tag single  nucleotide polymorphisms (tagSNPs)  covering the whole NTRK3 gene in a  sample comprising 120 OCD patients  and 342 controls. Single nucleotide  polymorphism association and  haplotype analysis were performed.<\/p>\n<p>Thirty-six  of our patients (30%) exhibited significant hoarding  obsessions and  compulsions. A significant association of two SNPs in  the 3&#8242; downstream  region of NTRK3 gene and obsessive-compulsive  hoarding was identified:  rs1017412 [odds ratio (OR) = 2.16; P = 0.001]  and rs7176429 (OR = 2.78; P  = 0.0001), although only the latter  remained significant after  Bonferroni correction. Although the  haplotype analysis did not show  significant results, a more extended  block of LD in the OCD hoarders  with respect to the control group was  observed, suggesting a lower  haplotype diversity in these individuals.<\/p>\n<p><strong>Our findings  suggest that NTRK3 may contribute to the  genetic susceptibility to  hoarding in OCD and may constitute an  interesting gene to focus on in  studies of the genetic basis of  obsessive-compulsive hoarding.<\/strong><\/p>\n<p><a rel=\"nofollow\" href=\"http:\/\/www.ncbi.nlm.nih.gov\/pubmed\/18616610\" target=\"_blank\">http:\/\/www.ncbi.nlm.nih.gov\/pubmed\/18616610<\/a><\/p>\n<p>&nbsp;<\/p>\n","protected":false},"excerpt":{"rendered":"<p>11\/2012:\u00a0 Thank you to Hoarder&#8217;s Son for this information: I recently heard from Jennifer Park, M.A., that she is performing research into the &#8220;Impact of Hoarding on Parent-Adult Child Relationships and Family Functioning&#8221; as part of her doctoral dissertation in Psychology at the University of South Florida under the supervision of Professor Eric A. Storch. &hellip; <\/p>\n<p><a class=\"more-link btn\" href=\"https:\/\/legacy.childrenofhoarders.com\/?page_id=4265\">Continue reading<\/a><\/p>\n","protected":false},"author":1,"featured_media":0,"parent":547,"menu_order":10,"comment_status":"open","ping_status":"open","template":"","meta":{"footnotes":""},"class_list":["post-4265","page","type-page","status-publish","hentry","nodate","item-wrap"],"_links":{"self":[{"href":"https:\/\/legacy.childrenofhoarders.com\/index.php?rest_route=\/wp\/v2\/pages\/4265","targetHints":{"allow":["GET"]}}],"collection":[{"href":"https:\/\/legacy.childrenofhoarders.com\/index.php?rest_route=\/wp\/v2\/pages"}],"about":[{"href":"https:\/\/legacy.childrenofhoarders.com\/index.php?rest_route=\/wp\/v2\/types\/page"}],"author":[{"embeddable":true,"href":"https:\/\/legacy.childrenofhoarders.com\/index.php?rest_route=\/wp\/v2\/users\/1"}],"replies":[{"embeddable":true,"href":"https:\/\/legacy.childrenofhoarders.com\/index.php?rest_route=%2Fwp%2Fv2%2Fcomments&post=4265"}],"version-history":[{"count":3,"href":"https:\/\/legacy.childrenofhoarders.com\/index.php?rest_route=\/wp\/v2\/pages\/4265\/revisions"}],"predecessor-version":[{"id":4267,"href":"https:\/\/legacy.childrenofhoarders.com\/index.php?rest_route=\/wp\/v2\/pages\/4265\/revisions\/4267"}],"up":[{"embeddable":true,"href":"https:\/\/legacy.childrenofhoarders.com\/index.php?rest_route=\/wp\/v2\/pages\/547"}],"wp:attachment":[{"href":"https:\/\/legacy.childrenofhoarders.com\/index.php?rest_route=%2Fwp%2Fv2%2Fmedia&parent=4265"}],"curies":[{"name":"wp","href":"https:\/\/api.w.org\/{rel}","templated":true}]}}